{"id":78,"date":"2023-06-01T14:07:37","date_gmt":"2023-06-01T12:07:37","guid":{"rendered":"https:\/\/qualiteschweiz.ck-design.ch\/?page_id=78"},"modified":"2023-08-29T17:42:00","modified_gmt":"2023-08-29T15:42:00","slug":"promotion","status":"publish","type":"page","link":"https:\/\/qualiteschweiz.ch\/fr\/promotion\/","title":{"rendered":"Promotion"},"content":{"rendered":"\t\t<div data-elementor-type=\"wp-page\" data-elementor-id=\"78\" class=\"elementor elementor-78\" data-elementor-post-type=\"page\">\n\t\t\t\t<div class=\"elementor-element elementor-element-4d72335 padding-header e-con-full e-flex e-con e-parent\" data-id=\"4d72335\" data-element_type=\"container\" data-settings=\"{&quot;background_background&quot;:&quot;classic&quot;}\">\n\t\t\t\t<div class=\"elementor-element elementor-element-0ee4c87 elementor-widget elementor-widget-heading\" data-id=\"0ee4c87\" data-element_type=\"widget\" data-widget_type=\"heading.default\">\n\t\t\t\t<div class=\"elementor-widget-container\">\n\t\t\t<style>\/*! elementor - v3.23.0 - 05-08-2024 *\/\n.elementor-heading-title{padding:0;margin:0;line-height:1}.elementor-widget-heading .elementor-heading-title[class*=elementor-size-]>a{color:inherit;font-size:inherit;line-height:inherit}.elementor-widget-heading .elementor-heading-title.elementor-size-small{font-size:15px}.elementor-widget-heading .elementor-heading-title.elementor-size-medium{font-size:19px}.elementor-widget-heading .elementor-heading-title.elementor-size-large{font-size:29px}.elementor-widget-heading .elementor-heading-title.elementor-size-xl{font-size:39px}.elementor-widget-heading .elementor-heading-title.elementor-size-xxl{font-size:59px}<\/style><h1 class=\"elementor-heading-title elementor-size-default\">Promotion<\/h1>\t\t<\/div>\n\t\t\t\t<\/div>\n\t\t\t\t<div class=\"elementor-element elementor-element-d741692 elementor-headline--style-rotate elementor-widget elementor-widget-animated-headline\" data-id=\"d741692\" data-element_type=\"widget\" data-settings=\"{&quot;headline_style&quot;:&quot;rotate&quot;,&quot;rotating_text&quot;:&quot;Diffuser ton projet \\u00e0 tout les m\\u00e9dias possibles\\natteindre plus de 200&#039;000 auditeurs via des playlistes\\nfaire jouer ton single dans des clubs\\nfaire la promotion cbd\\nfaire la promo international\\nfaire entrgistrer tes morceaux \\u00e0 la suisa&quot;,&quot;rotate_iteration_delay&quot;:1000,&quot;animation_type&quot;:&quot;typing&quot;,&quot;loop&quot;:&quot;yes&quot;}\" data-widget_type=\"animated-headline.default\">\n\t\t\t\t<div class=\"elementor-widget-container\">\n\t\t\t<link rel=\"stylesheet\" href=\"https:\/\/qualiteschweiz.ch\/wp-content\/plugins\/elementor-pro\/assets\/css\/widget-animated-headline.min.css\">\t\t<h2 class=\"elementor-headline elementor-headline-animation-type-typing elementor-headline-letters\">\n\t\t\t\t\t<span class=\"elementor-headline-plain-text elementor-headline-text-wrapper\">Tu souhaites<\/span>\n\t\t\t\t<span class=\"elementor-headline-dynamic-wrapper elementor-headline-text-wrapper\">\n\t\t\t\t\t<span class=\"elementor-headline-dynamic-text elementor-headline-text-active\">\n\t\t\t\tDiffuser&nbsp;ton&nbsp;projet&nbsp;\u00e0&nbsp;tout&nbsp;les&nbsp;m\u00e9dias&nbsp;possibles\t\t\t<\/span>\n\t\t\t\t\t<span class=\"elementor-headline-dynamic-text\">\n\t\t\t\tatteindre&nbsp;plus&nbsp;de&nbsp;200'000&nbsp;auditeurs&nbsp;via&nbsp;des&nbsp;playlistes\t\t\t<\/span>\n\t\t\t\t\t<span class=\"elementor-headline-dynamic-text\">\n\t\t\t\tfaire&nbsp;jouer&nbsp;ton&nbsp;single&nbsp;dans&nbsp;des&nbsp;clubs\t\t\t<\/span>\n\t\t\t\t\t<span class=\"elementor-headline-dynamic-text\">\n\t\t\t\tfaire&nbsp;la&nbsp;promotion&nbsp;cbd\t\t\t<\/span>\n\t\t\t\t\t<span class=\"elementor-headline-dynamic-text\">\n\t\t\t\tfaire&nbsp;la&nbsp;promo&nbsp;international\t\t\t<\/span>\n\t\t\t\t\t<span class=\"elementor-headline-dynamic-text\">\n\t\t\t\tfaire&nbsp;entrgistrer&nbsp;tes&nbsp;morceaux&nbsp;\u00e0&nbsp;la&nbsp;suisa\t\t\t<\/span>\n\t\t\t\t\t\t<\/span>\n\t\t\t\t\t<span class=\"elementor-headline-plain-text elementor-headline-text-wrapper\">?<\/span>\n\t\t\t\t\t<\/h2>\n\t\t\t\t<\/div>\n\t\t\t\t<\/div>\n\t\t\t\t<\/div>\n\t\t<div class=\"elementor-element elementor-element-561fb8a e-flex e-con-boxed e-con e-parent\" data-id=\"561fb8a\" data-element_type=\"container\">\n\t\t\t\t\t<div class=\"e-con-inner\">\n\t\t<div class=\"elementor-element elementor-element-4890244 e-con-full e-flex e-con e-parent\" data-id=\"4890244\" data-element_type=\"container\">\n\t\t\t\t<div class=\"elementor-element elementor-element-42f4852 elementor-widget elementor-widget-text-editor\" data-id=\"42f4852\" data-element_type=\"widget\" data-widget_type=\"text-editor.default\">\n\t\t\t\t<div class=\"elementor-widget-container\">\n\t\t\t<style>\/*! elementor - v3.23.0 - 05-08-2024 *\/\n.elementor-widget-text-editor.elementor-drop-cap-view-stacked .elementor-drop-cap{background-color:#69727d;color:#fff}.elementor-widget-text-editor.elementor-drop-cap-view-framed .elementor-drop-cap{color:#69727d;border:3px solid;background-color:transparent}.elementor-widget-text-editor:not(.elementor-drop-cap-view-default) .elementor-drop-cap{margin-top:8px}.elementor-widget-text-editor:not(.elementor-drop-cap-view-default) .elementor-drop-cap-letter{width:1em;height:1em}.elementor-widget-text-editor .elementor-drop-cap{float:left;text-align:center;line-height:1;font-size:50px}.elementor-widget-text-editor .elementor-drop-cap-letter{display:inline-block}<\/style>\t\t\t\t<h2>Diffusions M\u00e9dia<\/h2><p><strong>Atteins des milliers magazines, radios et influenceurs sans investir du temps \u00e0 contacter des m\u00e9dias!<\/strong><\/p><p>Nous envoyons ton<strong> nouveau single\/album<\/strong> \u00e0<strong> autant de m\u00e9dias que possible<\/strong> et t&rsquo;informons de chaque feedback.<\/p><p>Parmi ces m\u00e9dias, on trouve des <strong>webradios, des magazines en ligne, des influenceurs <\/strong>ainsi que des<strong> journalistes !<\/strong><\/p>\t\t\t\t\t\t<\/div>\n\t\t\t\t<\/div>\n\t\t\t\t<\/div>\n\t\t<div class=\"elementor-element elementor-element-e86e99e e-con-full e-flex e-con e-parent\" data-id=\"e86e99e\" data-element_type=\"container\">\n\t\t\t\t<div class=\"elementor-element elementor-element-efd324c elementor-widget elementor-widget-image\" data-id=\"efd324c\" data-element_type=\"widget\" data-widget_type=\"image.default\">\n\t\t\t\t<div class=\"elementor-widget-container\">\n\t\t\t<style>\/*! elementor - v3.23.0 - 05-08-2024 *\/\n.elementor-widget-image{text-align:center}.elementor-widget-image a{display:inline-block}.elementor-widget-image a img[src$=\".svg\"]{width:48px}.elementor-widget-image img{vertical-align:middle;display:inline-block}<\/style>\t\t\t\t\t\t\t\t\t\t<img fetchpriority=\"high\" decoding=\"async\" width=\"719\" height=\"448\" src=\"https:\/\/qualiteschweiz.ch\/wp-content\/uploads\/Medias.png\" class=\"attachment-large size-large wp-image-1587\" alt=\"\" srcset=\"https:\/\/qualiteschweiz.ch\/wp-content\/uploads\/Medias.png 719w, https:\/\/qualiteschweiz.ch\/wp-content\/uploads\/Medias-600x374.png 600w\" sizes=\"(max-width: 719px) 100vw, 719px\" \/>\t\t\t\t\t\t\t\t\t\t\t\t\t<\/div>\n\t\t\t\t<\/div>\n\t\t\t\t<\/div>\n\t\t\t\t\t<\/div>\n\t\t\t\t<\/div>\n\t\t<div class=\"elementor-element elementor-element-0db918e e-flex e-con-boxed e-con e-parent\" data-id=\"0db918e\" data-element_type=\"container\" data-settings=\"{&quot;background_background&quot;:&quot;classic&quot;}\">\n\t\t\t\t\t<div class=\"e-con-inner\">\n\t\t<div class=\"elementor-element elementor-element-2b4a5d6 e-con-full e-flex e-con e-parent\" data-id=\"2b4a5d6\" data-element_type=\"container\">\n\t\t\t\t<div class=\"elementor-element elementor-element-cdbc8a4 elementor-widget elementor-widget-image\" data-id=\"cdbc8a4\" data-element_type=\"widget\" data-widget_type=\"image.default\">\n\t\t\t\t<div class=\"elementor-widget-container\">\n\t\t\t\t\t\t\t\t\t\t\t\t\t<img decoding=\"async\" width=\"685\" height=\"529\" src=\"https:\/\/qualiteschweiz.ch\/wp-content\/uploads\/Playlist-placements2.png\" class=\"attachment-medium size-medium wp-image-1593\" alt=\"\" srcset=\"https:\/\/qualiteschweiz.ch\/wp-content\/uploads\/Playlist-placements2.png 685w, https:\/\/qualiteschweiz.ch\/wp-content\/uploads\/Playlist-placements2-600x463.png 600w\" sizes=\"(max-width: 685px) 100vw, 685px\" \/>\t\t\t\t\t\t\t\t\t\t\t\t\t<\/div>\n\t\t\t\t<\/div>\n\t\t\t\t<\/div>\n\t\t<div class=\"elementor-element elementor-element-24796c0 e-con-full e-flex e-con e-parent\" data-id=\"24796c0\" data-element_type=\"container\">\n\t\t\t\t<div class=\"elementor-element elementor-element-5100e0e elementor-widget elementor-widget-text-editor\" data-id=\"5100e0e\" data-element_type=\"widget\" data-widget_type=\"text-editor.default\">\n\t\t\t\t<div class=\"elementor-widget-container\">\n\t\t\t\t\t\t\t<h2>Placement Playlistes<\/h2><p><strong>Atteins plus de 200&rsquo;000 nouveaux auditeurs sans perdre du temps en cherchant des curateurs!<\/strong><\/p><p>Chercher des <strong>curateurs de playlists<\/strong> sur <strong>Spotify<\/strong> ou I<strong>nstagram<\/strong> et copier \/coller des messages pendant des heures, c&rsquo;est du pass\u00e9.<\/p><p>Que \u00e7a soit pour des <strong>morceaux en<\/strong> <strong>fran\u00e7ais, allemand, anglais, espagnol ou international<\/strong>, on a des <strong>playlists pour chaque march\u00e9.<\/strong><\/p>\t\t\t\t\t\t<\/div>\n\t\t\t\t<\/div>\n\t\t\t\t<\/div>\n\t\t\t\t\t<\/div>\n\t\t\t\t<\/div>\n\t\t<div class=\"elementor-element elementor-element-804d482 r-padding pb-sm e-flex e-con-boxed e-con e-parent\" data-id=\"804d482\" data-element_type=\"container\" data-settings=\"{&quot;background_background&quot;:&quot;classic&quot;}\">\n\t\t\t\t\t<div class=\"e-con-inner\">\n\t\t\t\t<div class=\"elementor-element elementor-element-8867e79 elementor-widget__width-initial elementor-widget elementor-widget-text-editor\" data-id=\"8867e79\" data-element_type=\"widget\" data-widget_type=\"text-editor.default\">\n\t\t\t\t<div class=\"elementor-widget-container\">\n\t\t\t\t\t\t\t<h2>Promotion du CBD<\/h2><p><strong>Vends ta propre vari\u00e9t\u00e9 de CBD et gagne de l&rsquo;argent d\u00e8s la premi\u00e8re vente sans investir !<\/strong><\/p><p>En tant qu&rsquo;artiste, tu peux poss\u00e9der <strong>ta propre marque de CBD<\/strong> afin de pousser au maximum la <strong>promotion<\/strong> de ton <strong>single<\/strong> \/ <strong>album<\/strong> \/ <strong>EP<\/strong>.<\/p><p>Pour cela, nous <strong>collaborons<\/strong> avec le fabricant de CBD <a href=\"https:\/\/cannabisking.ch\/fr\/\" target=\"_blank\" rel=\"noopener\"><strong>Cannabisking.ch<\/strong><\/a>.<\/p>\t\t\t\t\t\t<\/div>\n\t\t\t\t<\/div>\n\t\t\t\t<div class=\"elementor-element elementor-element-63b652d elementor-widget__width-initial elementor-widget elementor-widget-image\" data-id=\"63b652d\" data-element_type=\"widget\" data-widget_type=\"image.default\">\n\t\t\t\t<div class=\"elementor-widget-container\">\n\t\t\t\t\t\t\t\t\t\t\t\t\t<img decoding=\"async\" width=\"732\" height=\"444\" src=\"https:\/\/qualiteschweiz.ch\/wp-content\/uploads\/CBD.png\" class=\"attachment-full size-full wp-image-1594\" alt=\"\" srcset=\"https:\/\/qualiteschweiz.ch\/wp-content\/uploads\/CBD.png 732w, https:\/\/qualiteschweiz.ch\/wp-content\/uploads\/CBD-600x364.png 600w\" sizes=\"(max-width: 732px) 100vw, 732px\" \/>\t\t\t\t\t\t\t\t\t\t\t\t\t<\/div>\n\t\t\t\t<\/div>\n\t\t\t\t\t<\/div>\n\t\t\t\t<\/div>\n\t\t<div class=\"elementor-element elementor-element-3f0bf5e s-padding e-flex e-con-boxed e-con e-parent\" data-id=\"3f0bf5e\" data-element_type=\"container\" data-settings=\"{&quot;background_background&quot;:&quot;classic&quot;}\">\n\t\t\t\t\t<div class=\"e-con-inner\">\n\t\t\t\t<div class=\"elementor-element elementor-element-6e3287f elementor-widget__width-initial elementor-widget elementor-widget-image\" data-id=\"6e3287f\" data-element_type=\"widget\" data-widget_type=\"image.default\">\n\t\t\t\t<div class=\"elementor-widget-container\">\n\t\t\t\t\t\t\t\t\t\t\t\t\t<img loading=\"lazy\" decoding=\"async\" width=\"811\" height=\"545\" src=\"https:\/\/qualiteschweiz.ch\/wp-content\/uploads\/Merch.png\" class=\"attachment-full size-full wp-image-1595\" alt=\"\" srcset=\"https:\/\/qualiteschweiz.ch\/wp-content\/uploads\/Merch.png 811w, https:\/\/qualiteschweiz.ch\/wp-content\/uploads\/Merch-800x538.png 800w, https:\/\/qualiteschweiz.ch\/wp-content\/uploads\/Merch-768x516.png 768w, https:\/\/qualiteschweiz.ch\/wp-content\/uploads\/Merch-600x403.png 600w\" sizes=\"(max-width: 811px) 100vw, 811px\" \/>\t\t\t\t\t\t\t\t\t\t\t\t\t<\/div>\n\t\t\t\t<\/div>\n\t\t\t\t<div class=\"elementor-element elementor-element-4db8963 elementor-widget__width-initial elementor-widget elementor-widget-text-editor\" data-id=\"4db8963\" data-element_type=\"widget\" data-widget_type=\"text-editor.default\">\n\t\t\t\t<div class=\"elementor-widget-container\">\n\t\t\t\t\t\t\t<h2>V\u00eatements \/ Merchandising<\/h2><p><strong>Gagne directement de l&rsquo;argent avec ton merch, sans investir quoi que ce soit !<\/strong><\/p><p>En tant que <strong>musicien\/ne<\/strong>, tu as la possibilit\u00e9 de fabriquer ton <strong>propre merchandising<\/strong> sans devoir investir toi-m\u00eame. Tu peux personnaliser des <strong>sacs \u00e0 dos<\/strong>, des<strong> t-shirts<\/strong>, des <strong>surv\u00eatements<\/strong>, des <strong>pulls<\/strong>, des <strong>baskets<\/strong>, etc. via Qualit\u00e9 Suisse et les faire <strong>imprimer<\/strong> avec <strong>ton logo<\/strong>, la <strong>pochette de ton album<\/strong>, etc. sans investir un centime (ou un sou) toi-m\u00eame.<\/p>\t\t\t\t\t\t<\/div>\n\t\t\t\t<\/div>\n\t\t\t\t\t<\/div>\n\t\t\t\t<\/div>\n\t\t<div class=\"elementor-element elementor-element-6befa62 s-padding e-flex e-con-boxed e-con e-parent\" data-id=\"6befa62\" data-element_type=\"container\" data-settings=\"{&quot;background_background&quot;:&quot;classic&quot;}\">\n\t\t\t\t\t<div class=\"e-con-inner\">\n\t\t\t\t<div class=\"elementor-element elementor-element-43c6323 elementor-widget__width-initial elementor-widget elementor-widget-text-editor\" data-id=\"43c6323\" data-element_type=\"widget\" data-widget_type=\"text-editor.default\">\n\t\t\t\t<div class=\"elementor-widget-container\">\n\t\t\t\t\t\t\t<h2>Promotion dans les clubs<\/h2><p><strong>Fais passer ton nouveau single dans les clubs sans passer des heures \u00e0 chercher et \u00e0 \u00e9crire \u00e0 des DJs !<\/strong><\/p><p>En tant que rappeur\/rappeuse, tu as la possibilit\u00e9 de <strong>faire passer tes chansons dans les clubs<\/strong> suisses. <br \/>Gr\u00e2ce \u00e0 notre r\u00e9seau de DJs, tu peux d\u00e9sormais envoyer tes chansons \u00e0 tous nos <a href=\"https:\/\/qualiteschweiz.ch\/dj-s\/\"><strong>DJs<\/strong> partenaires<\/a> et les faire placer afin qu&rsquo;ils <strong>diffusent ton morceau dans les clubs.<\/strong><\/p><p>A chaque diffusion, les DJs vont faire une story sur instagram en mentionnant ton nom.<\/p>\t\t\t\t\t\t<\/div>\n\t\t\t\t<\/div>\n\t\t\t\t<div class=\"elementor-element elementor-element-8069775 elementor-widget__width-initial elementor-widget elementor-widget-image\" data-id=\"8069775\" data-element_type=\"widget\" data-widget_type=\"image.default\">\n\t\t\t\t<div class=\"elementor-widget-container\">\n\t\t\t\t\t\t\t\t\t\t\t\t\t<img loading=\"lazy\" decoding=\"async\" width=\"991\" height=\"637\" src=\"https:\/\/qualiteschweiz.ch\/wp-content\/uploads\/Club-Promo.png\" class=\"attachment-full size-full wp-image-1596\" alt=\"\" srcset=\"https:\/\/qualiteschweiz.ch\/wp-content\/uploads\/Club-Promo.png 991w, https:\/\/qualiteschweiz.ch\/wp-content\/uploads\/Club-Promo-800x514.png 800w, https:\/\/qualiteschweiz.ch\/wp-content\/uploads\/Club-Promo-768x494.png 768w, https:\/\/qualiteschweiz.ch\/wp-content\/uploads\/Club-Promo-600x386.png 600w\" sizes=\"(max-width: 991px) 100vw, 991px\" \/>\t\t\t\t\t\t\t\t\t\t\t\t\t<\/div>\n\t\t\t\t<\/div>\n\t\t\t\t\t<\/div>\n\t\t\t\t<\/div>\n\t\t\t\t<\/div>\n\t\t","protected":false},"excerpt":{"rendered":"<p>Promotion Tu souhaites Diffuser&nbsp;ton&nbsp;projet&nbsp;\u00e0&nbsp;tout&nbsp;les&nbsp;m\u00e9dias&nbsp;possibles atteindre&nbsp;plus&nbsp;de&nbsp;200&rsquo;000&nbsp;auditeurs&nbsp;via&nbsp;des&nbsp;playlistes faire&nbsp;jouer&nbsp;ton&nbsp;single&nbsp;dans&nbsp;des&nbsp;clubs faire&nbsp;la&nbsp;promotion&nbsp;cbd faire&nbsp;la&nbsp;promo&nbsp;international faire&nbsp;entrgistrer&nbsp;tes&nbsp;morceaux&nbsp;\u00e0&nbsp;la&nbsp;suisa ? Diffusions M\u00e9dia Atteins des milliers magazines, radios et influenceurs sans investir du temps \u00e0 contacter des m\u00e9dias! Nous envoyons ton nouveau single\/album \u00e0 autant de m\u00e9dias que possible et t&rsquo;informons de chaque feedback. Parmi ces m\u00e9dias, on trouve des webradios, des magazines en ligne, des [&hellip;]<\/p>\n","protected":false},"author":1,"featured_media":0,"parent":0,"menu_order":6,"comment_status":"closed","ping_status":"closed","template":"elementor_header_footer","meta":{"_monsterinsights_skip_tracking":false,"_monsterinsights_sitenote_active":false,"_monsterinsights_sitenote_note":"","_monsterinsights_sitenote_category":0,"footnotes":""},"class_list":["post-78","page","type-page","status-publish","hentry"],"yoast_head":"<!-- This site is optimized with the Yoast SEO plugin v23.3 - https:\/\/yoast.com\/wordpress\/plugins\/seo\/ -->\n<title>Promotion | Qualit\u00e9 Schweiz<\/title>\n<meta name=\"robots\" content=\"index, follow, max-snippet:-1, max-image-preview:large, max-video-preview:-1\" \/>\n<link rel=\"canonical\" href=\"https:\/\/qualiteschweiz.ch\/fr\/promotion\/\" \/>\n<meta property=\"og:locale\" content=\"fr_FR\" \/>\n<meta property=\"og:type\" content=\"article\" \/>\n<meta property=\"og:title\" content=\"Promotion | Qualit\u00e9 Schweiz\" \/>\n<meta property=\"og:description\" content=\"Promotion Tu souhaites Diffuser&nbsp;ton&nbsp;projet&nbsp;\u00e0&nbsp;tout&nbsp;les&nbsp;m\u00e9dias&nbsp;possibles atteindre&nbsp;plus&nbsp;de&nbsp;200&rsquo;000&nbsp;auditeurs&nbsp;via&nbsp;des&nbsp;playlistes faire&nbsp;jouer&nbsp;ton&nbsp;single&nbsp;dans&nbsp;des&nbsp;clubs faire&nbsp;la&nbsp;promotion&nbsp;cbd faire&nbsp;la&nbsp;promo&nbsp;international faire&nbsp;entrgistrer&nbsp;tes&nbsp;morceaux&nbsp;\u00e0&nbsp;la&nbsp;suisa ? Diffusions M\u00e9dia Atteins des milliers magazines, radios et influenceurs sans investir du temps \u00e0 contacter des m\u00e9dias! Nous envoyons ton nouveau single\/album \u00e0 autant de m\u00e9dias que possible et t&rsquo;informons de chaque feedback. Parmi ces m\u00e9dias, on trouve des webradios, des magazines en ligne, des [&hellip;]\" \/>\n<meta property=\"og:url\" content=\"https:\/\/qualiteschweiz.ch\/fr\/promotion\/\" \/>\n<meta property=\"og:site_name\" content=\"Qualit\u00e9 Schweiz\" \/>\n<meta property=\"article:modified_time\" content=\"2023-08-29T15:42:00+00:00\" \/>\n<meta property=\"og:image\" content=\"https:\/\/qualiteschweiz.ch\/wp-content\/uploads\/Medias.png\" \/>\n<meta name=\"twitter:card\" content=\"summary_large_image\" \/>\n<meta name=\"twitter:label1\" content=\"Dur\u00e9e de lecture estim\u00e9e\" \/>\n\t<meta name=\"twitter:data1\" content=\"2 minutes\" \/>\n<script type=\"application\/ld+json\" class=\"yoast-schema-graph\">{\"@context\":\"https:\/\/schema.org\",\"@graph\":[{\"@type\":\"WebPage\",\"@id\":\"https:\/\/qualiteschweiz.ch\/fr\/promotion\/\",\"url\":\"https:\/\/qualiteschweiz.ch\/fr\/promotion\/\",\"name\":\"Promotion | Qualit\u00e9 Schweiz\",\"isPartOf\":{\"@id\":\"http:\/\/qualiteschweiz.ch\/fr\/#website\"},\"primaryImageOfPage\":{\"@id\":\"https:\/\/qualiteschweiz.ch\/fr\/promotion\/#primaryimage\"},\"image\":{\"@id\":\"https:\/\/qualiteschweiz.ch\/fr\/promotion\/#primaryimage\"},\"thumbnailUrl\":\"https:\/\/qualiteschweiz.ch\/wp-content\/uploads\/Medias.png\",\"datePublished\":\"2023-06-01T12:07:37+00:00\",\"dateModified\":\"2023-08-29T15:42:00+00:00\",\"breadcrumb\":{\"@id\":\"https:\/\/qualiteschweiz.ch\/fr\/promotion\/#breadcrumb\"},\"inLanguage\":\"fr-FR\",\"potentialAction\":[{\"@type\":\"ReadAction\",\"target\":[\"https:\/\/qualiteschweiz.ch\/fr\/promotion\/\"]}]},{\"@type\":\"ImageObject\",\"inLanguage\":\"fr-FR\",\"@id\":\"https:\/\/qualiteschweiz.ch\/fr\/promotion\/#primaryimage\",\"url\":\"https:\/\/qualiteschweiz.ch\/wp-content\/uploads\/Medias.png\",\"contentUrl\":\"https:\/\/qualiteschweiz.ch\/wp-content\/uploads\/Medias.png\"},{\"@type\":\"BreadcrumbList\",\"@id\":\"https:\/\/qualiteschweiz.ch\/fr\/promotion\/#breadcrumb\",\"itemListElement\":[{\"@type\":\"ListItem\",\"position\":1,\"name\":\"Accueil\",\"item\":\"https:\/\/qualiteschweiz.ch\/fr\/\"},{\"@type\":\"ListItem\",\"position\":2,\"name\":\"Promotion\"}]},{\"@type\":\"WebSite\",\"@id\":\"http:\/\/qualiteschweiz.ch\/fr\/#website\",\"url\":\"http:\/\/qualiteschweiz.ch\/fr\/\",\"name\":\"Qualit\u00e9 Schweiz\",\"description\":\"\",\"publisher\":{\"@id\":\"http:\/\/qualiteschweiz.ch\/fr\/#organization\"},\"potentialAction\":[{\"@type\":\"SearchAction\",\"target\":{\"@type\":\"EntryPoint\",\"urlTemplate\":\"http:\/\/qualiteschweiz.ch\/fr\/?s={search_term_string}\"},\"query-input\":\"required name=search_term_string\"}],\"inLanguage\":\"fr-FR\"},{\"@type\":\"Organization\",\"@id\":\"http:\/\/qualiteschweiz.ch\/fr\/#organization\",\"name\":\"Qualit\u00e9 Schweitz\",\"url\":\"http:\/\/qualiteschweiz.ch\/fr\/\",\"logo\":{\"@type\":\"ImageObject\",\"inLanguage\":\"fr-FR\",\"@id\":\"http:\/\/qualiteschweiz.ch\/fr\/#\/schema\/logo\/image\/\",\"url\":\"https:\/\/qualiteschweiz.ch\/wp-content\/uploads\/qualiteschweiz_logo_sq.jpg\",\"contentUrl\":\"https:\/\/qualiteschweiz.ch\/wp-content\/uploads\/qualiteschweiz_logo_sq.jpg\",\"width\":800,\"height\":800,\"caption\":\"Qualit\u00e9 Schweitz\"},\"image\":{\"@id\":\"http:\/\/qualiteschweiz.ch\/fr\/#\/schema\/logo\/image\/\"},\"sameAs\":[\"https:\/\/www.youtube.com\/@qualite_ch\",\"https:\/\/www.instagram.com\/qualite_ch\/\"]}]}<\/script>\n<!-- \/ Yoast SEO plugin. -->","yoast_head_json":{"title":"Promotion | Qualit\u00e9 Schweiz","robots":{"index":"index","follow":"follow","max-snippet":"max-snippet:-1","max-image-preview":"max-image-preview:large","max-video-preview":"max-video-preview:-1"},"canonical":"https:\/\/qualiteschweiz.ch\/fr\/promotion\/","og_locale":"fr_FR","og_type":"article","og_title":"Promotion | Qualit\u00e9 Schweiz","og_description":"Promotion Tu souhaites Diffuser&nbsp;ton&nbsp;projet&nbsp;\u00e0&nbsp;tout&nbsp;les&nbsp;m\u00e9dias&nbsp;possibles atteindre&nbsp;plus&nbsp;de&nbsp;200&rsquo;000&nbsp;auditeurs&nbsp;via&nbsp;des&nbsp;playlistes faire&nbsp;jouer&nbsp;ton&nbsp;single&nbsp;dans&nbsp;des&nbsp;clubs faire&nbsp;la&nbsp;promotion&nbsp;cbd faire&nbsp;la&nbsp;promo&nbsp;international faire&nbsp;entrgistrer&nbsp;tes&nbsp;morceaux&nbsp;\u00e0&nbsp;la&nbsp;suisa ? Diffusions M\u00e9dia Atteins des milliers magazines, radios et influenceurs sans investir du temps \u00e0 contacter des m\u00e9dias! Nous envoyons ton nouveau single\/album \u00e0 autant de m\u00e9dias que possible et t&rsquo;informons de chaque feedback. Parmi ces m\u00e9dias, on trouve des webradios, des magazines en ligne, des [&hellip;]","og_url":"https:\/\/qualiteschweiz.ch\/fr\/promotion\/","og_site_name":"Qualit\u00e9 Schweiz","article_modified_time":"2023-08-29T15:42:00+00:00","og_image":[{"url":"https:\/\/qualiteschweiz.ch\/wp-content\/uploads\/Medias.png"}],"twitter_card":"summary_large_image","twitter_misc":{"Dur\u00e9e de lecture estim\u00e9e":"2 minutes"},"schema":{"@context":"https:\/\/schema.org","@graph":[{"@type":"WebPage","@id":"https:\/\/qualiteschweiz.ch\/fr\/promotion\/","url":"https:\/\/qualiteschweiz.ch\/fr\/promotion\/","name":"Promotion | Qualit\u00e9 Schweiz","isPartOf":{"@id":"http:\/\/qualiteschweiz.ch\/fr\/#website"},"primaryImageOfPage":{"@id":"https:\/\/qualiteschweiz.ch\/fr\/promotion\/#primaryimage"},"image":{"@id":"https:\/\/qualiteschweiz.ch\/fr\/promotion\/#primaryimage"},"thumbnailUrl":"https:\/\/qualiteschweiz.ch\/wp-content\/uploads\/Medias.png","datePublished":"2023-06-01T12:07:37+00:00","dateModified":"2023-08-29T15:42:00+00:00","breadcrumb":{"@id":"https:\/\/qualiteschweiz.ch\/fr\/promotion\/#breadcrumb"},"inLanguage":"fr-FR","potentialAction":[{"@type":"ReadAction","target":["https:\/\/qualiteschweiz.ch\/fr\/promotion\/"]}]},{"@type":"ImageObject","inLanguage":"fr-FR","@id":"https:\/\/qualiteschweiz.ch\/fr\/promotion\/#primaryimage","url":"https:\/\/qualiteschweiz.ch\/wp-content\/uploads\/Medias.png","contentUrl":"https:\/\/qualiteschweiz.ch\/wp-content\/uploads\/Medias.png"},{"@type":"BreadcrumbList","@id":"https:\/\/qualiteschweiz.ch\/fr\/promotion\/#breadcrumb","itemListElement":[{"@type":"ListItem","position":1,"name":"Accueil","item":"https:\/\/qualiteschweiz.ch\/fr\/"},{"@type":"ListItem","position":2,"name":"Promotion"}]},{"@type":"WebSite","@id":"http:\/\/qualiteschweiz.ch\/fr\/#website","url":"http:\/\/qualiteschweiz.ch\/fr\/","name":"Qualit\u00e9 Schweiz","description":"","publisher":{"@id":"http:\/\/qualiteschweiz.ch\/fr\/#organization"},"potentialAction":[{"@type":"SearchAction","target":{"@type":"EntryPoint","urlTemplate":"http:\/\/qualiteschweiz.ch\/fr\/?s={search_term_string}"},"query-input":"required name=search_term_string"}],"inLanguage":"fr-FR"},{"@type":"Organization","@id":"http:\/\/qualiteschweiz.ch\/fr\/#organization","name":"Qualit\u00e9 Schweitz","url":"http:\/\/qualiteschweiz.ch\/fr\/","logo":{"@type":"ImageObject","inLanguage":"fr-FR","@id":"http:\/\/qualiteschweiz.ch\/fr\/#\/schema\/logo\/image\/","url":"https:\/\/qualiteschweiz.ch\/wp-content\/uploads\/qualiteschweiz_logo_sq.jpg","contentUrl":"https:\/\/qualiteschweiz.ch\/wp-content\/uploads\/qualiteschweiz_logo_sq.jpg","width":800,"height":800,"caption":"Qualit\u00e9 Schweitz"},"image":{"@id":"http:\/\/qualiteschweiz.ch\/fr\/#\/schema\/logo\/image\/"},"sameAs":["https:\/\/www.youtube.com\/@qualite_ch","https:\/\/www.instagram.com\/qualite_ch\/"]}]}},"_links":{"self":[{"href":"https:\/\/qualiteschweiz.ch\/fr\/wp-json\/wp\/v2\/pages\/78","targetHints":{"allow":["GET"]}}],"collection":[{"href":"https:\/\/qualiteschweiz.ch\/fr\/wp-json\/wp\/v2\/pages"}],"about":[{"href":"https:\/\/qualiteschweiz.ch\/fr\/wp-json\/wp\/v2\/types\/page"}],"author":[{"embeddable":true,"href":"https:\/\/qualiteschweiz.ch\/fr\/wp-json\/wp\/v2\/users\/1"}],"replies":[{"embeddable":true,"href":"https:\/\/qualiteschweiz.ch\/fr\/wp-json\/wp\/v2\/comments?post=78"}],"version-history":[{"count":91,"href":"https:\/\/qualiteschweiz.ch\/fr\/wp-json\/wp\/v2\/pages\/78\/revisions"}],"predecessor-version":[{"id":1599,"href":"https:\/\/qualiteschweiz.ch\/fr\/wp-json\/wp\/v2\/pages\/78\/revisions\/1599"}],"wp:attachment":[{"href":"https:\/\/qualiteschweiz.ch\/fr\/wp-json\/wp\/v2\/media?parent=78"}],"curies":[{"name":"wp","href":"https:\/\/api.w.org\/{rel}","templated":true}]}}