{"id":74,"date":"2023-06-01T14:06:16","date_gmt":"2023-06-01T12:06:16","guid":{"rendered":"https:\/\/qualiteschweiz.ck-design.ch\/?page_id=74"},"modified":"2023-08-10T09:43:16","modified_gmt":"2023-08-10T07:43:16","slug":"label","status":"publish","type":"page","link":"https:\/\/qualiteschweiz.ch\/fr\/label\/","title":{"rendered":"Label"},"content":{"rendered":"\t\t<div data-elementor-type=\"wp-page\" data-elementor-id=\"74\" class=\"elementor elementor-74\" data-elementor-post-type=\"page\">\n\t\t\t\t<div class=\"elementor-element elementor-element-4c090e3 padding-header e-con-full e-flex e-con e-parent\" data-id=\"4c090e3\" data-element_type=\"container\" data-settings=\"{&quot;background_background&quot;:&quot;classic&quot;}\">\n\t\t\t\t<div class=\"elementor-element elementor-element-ac5ac62 elementor-widget elementor-widget-heading\" data-id=\"ac5ac62\" data-element_type=\"widget\" data-widget_type=\"heading.default\">\n\t\t\t\t<div class=\"elementor-widget-container\">\n\t\t\t<style>\/*! elementor - v3.23.0 - 05-08-2024 *\/\n.elementor-heading-title{padding:0;margin:0;line-height:1}.elementor-widget-heading .elementor-heading-title[class*=elementor-size-]>a{color:inherit;font-size:inherit;line-height:inherit}.elementor-widget-heading .elementor-heading-title.elementor-size-small{font-size:15px}.elementor-widget-heading .elementor-heading-title.elementor-size-medium{font-size:19px}.elementor-widget-heading .elementor-heading-title.elementor-size-large{font-size:29px}.elementor-widget-heading .elementor-heading-title.elementor-size-xl{font-size:39px}.elementor-widget-heading .elementor-heading-title.elementor-size-xxl{font-size:59px}<\/style><h1 class=\"elementor-heading-title elementor-size-default\">Le Label<\/h1>\t\t<\/div>\n\t\t\t\t<\/div>\n\t\t\t\t<div class=\"elementor-element elementor-element-eafc361 elementor-headline--style-rotate elementor-widget elementor-widget-animated-headline\" data-id=\"eafc361\" data-element_type=\"widget\" data-settings=\"{&quot;headline_style&quot;:&quot;rotate&quot;,&quot;rotating_text&quot;:&quot;cous connecte \\u00e0 d&#039;autres artistes\\nvous aide pour la production de vos titres\\nvous accompagne dans la promotion de votre album&quot;,&quot;rotate_iteration_delay&quot;:1000,&quot;animation_type&quot;:&quot;typing&quot;,&quot;loop&quot;:&quot;yes&quot;}\" data-widget_type=\"animated-headline.default\">\n\t\t\t\t<div class=\"elementor-widget-container\">\n\t\t\t<link rel=\"stylesheet\" href=\"https:\/\/qualiteschweiz.ch\/wp-content\/plugins\/elementor-pro\/assets\/css\/widget-animated-headline.min.css\">\t\t<h2 class=\"elementor-headline elementor-headline-animation-type-typing elementor-headline-letters\">\n\t\t\t\t\t<span class=\"elementor-headline-plain-text elementor-headline-text-wrapper\">Bewater music<\/span>\n\t\t\t\t<span class=\"elementor-headline-dynamic-wrapper elementor-headline-text-wrapper\">\n\t\t\t\t\t<span class=\"elementor-headline-dynamic-text elementor-headline-text-active\">\n\t\t\t\tcous&nbsp;connecte&nbsp;\u00e0&nbsp;d'autres&nbsp;artistes\t\t\t<\/span>\n\t\t\t\t\t<span class=\"elementor-headline-dynamic-text\">\n\t\t\t\tvous&nbsp;aide&nbsp;pour&nbsp;la&nbsp;production&nbsp;de&nbsp;vos&nbsp;titres\t\t\t<\/span>\n\t\t\t\t\t<span class=\"elementor-headline-dynamic-text\">\n\t\t\t\tvous&nbsp;accompagne&nbsp;dans&nbsp;la&nbsp;promotion&nbsp;de&nbsp;votre&nbsp;album\t\t\t<\/span>\n\t\t\t\t\t\t<\/span>\n\t\t\t\t<\/h2>\n\t\t\t\t<\/div>\n\t\t\t\t<\/div>\n\t\t\t\t<\/div>\n\t\t<div class=\"elementor-element elementor-element-bb45ce6 r-padding e-flex e-con-boxed e-con e-parent\" data-id=\"bb45ce6\" data-element_type=\"container\" data-settings=\"{&quot;background_background&quot;:&quot;classic&quot;}\">\n\t\t\t\t\t<div class=\"e-con-inner\">\n\t\t\t\t<div class=\"elementor-element elementor-element-0ca10c9 elementor-widget elementor-widget-text-editor\" data-id=\"0ca10c9\" data-element_type=\"widget\" data-widget_type=\"text-editor.default\">\n\t\t\t\t<div class=\"elementor-widget-container\">\n\t\t\t<style>\/*! elementor - v3.23.0 - 05-08-2024 *\/\n.elementor-widget-text-editor.elementor-drop-cap-view-stacked .elementor-drop-cap{background-color:#69727d;color:#fff}.elementor-widget-text-editor.elementor-drop-cap-view-framed .elementor-drop-cap{color:#69727d;border:3px solid;background-color:transparent}.elementor-widget-text-editor:not(.elementor-drop-cap-view-default) .elementor-drop-cap{margin-top:8px}.elementor-widget-text-editor:not(.elementor-drop-cap-view-default) .elementor-drop-cap-letter{width:1em;height:1em}.elementor-widget-text-editor .elementor-drop-cap{float:left;text-align:center;line-height:1;font-size:50px}.elementor-widget-text-editor .elementor-drop-cap-letter{display:inline-block}<\/style>\t\t\t\t<p>Le label<strong> Bewater Music<\/strong> a \u00e9t\u00e9 fond\u00e9 en 2021 et s&rsquo;engage \u00e0 connecter les artistes, \u00e0 les aider \u00e0 produire et \u00e0 <strong>promouvoir<\/strong> leurs <strong>chansons<\/strong> et \u00e0 \u00e9liminer les barri\u00e8res linguistiques dans l&rsquo;industrie musicale.<\/p><p>En d\u00e9veloppant notre <strong>r\u00e9seau<\/strong>, nous nous concentrons toujours sur la cr\u00e9ation d&rsquo;une situation gagnant-gagnant pour toutes les parties concern\u00e9es.<\/p>\t\t\t\t\t\t<\/div>\n\t\t\t\t<\/div>\n\t\t\t\t\t<\/div>\n\t\t\t\t<\/div>\n\t\t\t\t<\/div>\n\t\t","protected":false},"excerpt":{"rendered":"<p>Le Label Bewater music cous&nbsp;connecte&nbsp;\u00e0&nbsp;d&rsquo;autres&nbsp;artistes vous&nbsp;aide&nbsp;pour&nbsp;la&nbsp;production&nbsp;de&nbsp;vos&nbsp;titres vous&nbsp;accompagne&nbsp;dans&nbsp;la&nbsp;promotion&nbsp;de&nbsp;votre&nbsp;album Le label Bewater Music a \u00e9t\u00e9 fond\u00e9 en 2021 et s&rsquo;engage \u00e0 connecter les artistes, \u00e0 les aider \u00e0 produire et \u00e0 promouvoir leurs chansons et \u00e0 \u00e9liminer les barri\u00e8res linguistiques dans l&rsquo;industrie musicale. En d\u00e9veloppant notre r\u00e9seau, nous nous concentrons toujours sur la cr\u00e9ation d&rsquo;une situation gagnant-gagnant [&hellip;]<\/p>\n","protected":false},"author":1,"featured_media":0,"parent":0,"menu_order":4,"comment_status":"closed","ping_status":"closed","template":"elementor_header_footer","meta":{"_monsterinsights_skip_tracking":false,"_monsterinsights_sitenote_active":false,"_monsterinsights_sitenote_note":"","_monsterinsights_sitenote_category":0,"footnotes":""},"class_list":["post-74","page","type-page","status-publish","hentry"],"yoast_head":"<!-- This site is optimized with the Yoast SEO plugin v23.3 - https:\/\/yoast.com\/wordpress\/plugins\/seo\/ -->\n<title>Label | Qualit\u00e9 Schweiz<\/title>\n<meta name=\"robots\" content=\"index, follow, max-snippet:-1, max-image-preview:large, max-video-preview:-1\" \/>\n<link rel=\"canonical\" href=\"https:\/\/qualiteschweiz.ch\/fr\/label\/\" \/>\n<meta property=\"og:locale\" content=\"fr_FR\" \/>\n<meta property=\"og:type\" content=\"article\" \/>\n<meta property=\"og:title\" content=\"Label | Qualit\u00e9 Schweiz\" \/>\n<meta property=\"og:description\" content=\"Le Label Bewater music cous&nbsp;connecte&nbsp;\u00e0&nbsp;d&rsquo;autres&nbsp;artistes vous&nbsp;aide&nbsp;pour&nbsp;la&nbsp;production&nbsp;de&nbsp;vos&nbsp;titres vous&nbsp;accompagne&nbsp;dans&nbsp;la&nbsp;promotion&nbsp;de&nbsp;votre&nbsp;album Le label Bewater Music a \u00e9t\u00e9 fond\u00e9 en 2021 et s&rsquo;engage \u00e0 connecter les artistes, \u00e0 les aider \u00e0 produire et \u00e0 promouvoir leurs chansons et \u00e0 \u00e9liminer les barri\u00e8res linguistiques dans l&rsquo;industrie musicale. En d\u00e9veloppant notre r\u00e9seau, nous nous concentrons toujours sur la cr\u00e9ation d&rsquo;une situation gagnant-gagnant [&hellip;]\" \/>\n<meta property=\"og:url\" content=\"https:\/\/qualiteschweiz.ch\/fr\/label\/\" \/>\n<meta property=\"og:site_name\" content=\"Qualit\u00e9 Schweiz\" \/>\n<meta property=\"article:modified_time\" content=\"2023-08-10T07:43:16+00:00\" \/>\n<meta property=\"og:image\" content=\"https:\/\/qualiteschweiz.ch\/wp-content\/uploads\/qualiteschweiz_logo_sq.jpg\" \/>\n\t<meta property=\"og:image:width\" content=\"800\" \/>\n\t<meta property=\"og:image:height\" content=\"800\" \/>\n\t<meta property=\"og:image:type\" content=\"image\/jpeg\" \/>\n<meta name=\"twitter:card\" content=\"summary_large_image\" \/>\n<script type=\"application\/ld+json\" class=\"yoast-schema-graph\">{\"@context\":\"https:\/\/schema.org\",\"@graph\":[{\"@type\":\"WebPage\",\"@id\":\"https:\/\/qualiteschweiz.ch\/fr\/label\/\",\"url\":\"https:\/\/qualiteschweiz.ch\/fr\/label\/\",\"name\":\"Label | Qualit\u00e9 Schweiz\",\"isPartOf\":{\"@id\":\"http:\/\/qualiteschweiz.ch\/fr\/#website\"},\"datePublished\":\"2023-06-01T12:06:16+00:00\",\"dateModified\":\"2023-08-10T07:43:16+00:00\",\"breadcrumb\":{\"@id\":\"https:\/\/qualiteschweiz.ch\/fr\/label\/#breadcrumb\"},\"inLanguage\":\"fr-FR\",\"potentialAction\":[{\"@type\":\"ReadAction\",\"target\":[\"https:\/\/qualiteschweiz.ch\/fr\/label\/\"]}]},{\"@type\":\"BreadcrumbList\",\"@id\":\"https:\/\/qualiteschweiz.ch\/fr\/label\/#breadcrumb\",\"itemListElement\":[{\"@type\":\"ListItem\",\"position\":1,\"name\":\"Accueil\",\"item\":\"https:\/\/qualiteschweiz.ch\/fr\/\"},{\"@type\":\"ListItem\",\"position\":2,\"name\":\"Label\"}]},{\"@type\":\"WebSite\",\"@id\":\"http:\/\/qualiteschweiz.ch\/fr\/#website\",\"url\":\"http:\/\/qualiteschweiz.ch\/fr\/\",\"name\":\"Qualit\u00e9 Schweiz\",\"description\":\"\",\"publisher\":{\"@id\":\"http:\/\/qualiteschweiz.ch\/fr\/#organization\"},\"potentialAction\":[{\"@type\":\"SearchAction\",\"target\":{\"@type\":\"EntryPoint\",\"urlTemplate\":\"http:\/\/qualiteschweiz.ch\/fr\/?s={search_term_string}\"},\"query-input\":\"required name=search_term_string\"}],\"inLanguage\":\"fr-FR\"},{\"@type\":\"Organization\",\"@id\":\"http:\/\/qualiteschweiz.ch\/fr\/#organization\",\"name\":\"Qualit\u00e9 Schweitz\",\"url\":\"http:\/\/qualiteschweiz.ch\/fr\/\",\"logo\":{\"@type\":\"ImageObject\",\"inLanguage\":\"fr-FR\",\"@id\":\"http:\/\/qualiteschweiz.ch\/fr\/#\/schema\/logo\/image\/\",\"url\":\"https:\/\/qualiteschweiz.ch\/wp-content\/uploads\/qualiteschweiz_logo_sq.jpg\",\"contentUrl\":\"https:\/\/qualiteschweiz.ch\/wp-content\/uploads\/qualiteschweiz_logo_sq.jpg\",\"width\":800,\"height\":800,\"caption\":\"Qualit\u00e9 Schweitz\"},\"image\":{\"@id\":\"http:\/\/qualiteschweiz.ch\/fr\/#\/schema\/logo\/image\/\"},\"sameAs\":[\"https:\/\/www.youtube.com\/@qualite_ch\",\"https:\/\/www.instagram.com\/qualite_ch\/\"]}]}<\/script>\n<!-- \/ Yoast SEO plugin. -->","yoast_head_json":{"title":"Label | Qualit\u00e9 Schweiz","robots":{"index":"index","follow":"follow","max-snippet":"max-snippet:-1","max-image-preview":"max-image-preview:large","max-video-preview":"max-video-preview:-1"},"canonical":"https:\/\/qualiteschweiz.ch\/fr\/label\/","og_locale":"fr_FR","og_type":"article","og_title":"Label | Qualit\u00e9 Schweiz","og_description":"Le Label Bewater music cous&nbsp;connecte&nbsp;\u00e0&nbsp;d&rsquo;autres&nbsp;artistes vous&nbsp;aide&nbsp;pour&nbsp;la&nbsp;production&nbsp;de&nbsp;vos&nbsp;titres vous&nbsp;accompagne&nbsp;dans&nbsp;la&nbsp;promotion&nbsp;de&nbsp;votre&nbsp;album Le label Bewater Music a \u00e9t\u00e9 fond\u00e9 en 2021 et s&rsquo;engage \u00e0 connecter les artistes, \u00e0 les aider \u00e0 produire et \u00e0 promouvoir leurs chansons et \u00e0 \u00e9liminer les barri\u00e8res linguistiques dans l&rsquo;industrie musicale. En d\u00e9veloppant notre r\u00e9seau, nous nous concentrons toujours sur la cr\u00e9ation d&rsquo;une situation gagnant-gagnant [&hellip;]","og_url":"https:\/\/qualiteschweiz.ch\/fr\/label\/","og_site_name":"Qualit\u00e9 Schweiz","article_modified_time":"2023-08-10T07:43:16+00:00","og_image":[{"width":800,"height":800,"url":"https:\/\/qualiteschweiz.ch\/wp-content\/uploads\/qualiteschweiz_logo_sq.jpg","type":"image\/jpeg"}],"twitter_card":"summary_large_image","schema":{"@context":"https:\/\/schema.org","@graph":[{"@type":"WebPage","@id":"https:\/\/qualiteschweiz.ch\/fr\/label\/","url":"https:\/\/qualiteschweiz.ch\/fr\/label\/","name":"Label | Qualit\u00e9 Schweiz","isPartOf":{"@id":"http:\/\/qualiteschweiz.ch\/fr\/#website"},"datePublished":"2023-06-01T12:06:16+00:00","dateModified":"2023-08-10T07:43:16+00:00","breadcrumb":{"@id":"https:\/\/qualiteschweiz.ch\/fr\/label\/#breadcrumb"},"inLanguage":"fr-FR","potentialAction":[{"@type":"ReadAction","target":["https:\/\/qualiteschweiz.ch\/fr\/label\/"]}]},{"@type":"BreadcrumbList","@id":"https:\/\/qualiteschweiz.ch\/fr\/label\/#breadcrumb","itemListElement":[{"@type":"ListItem","position":1,"name":"Accueil","item":"https:\/\/qualiteschweiz.ch\/fr\/"},{"@type":"ListItem","position":2,"name":"Label"}]},{"@type":"WebSite","@id":"http:\/\/qualiteschweiz.ch\/fr\/#website","url":"http:\/\/qualiteschweiz.ch\/fr\/","name":"Qualit\u00e9 Schweiz","description":"","publisher":{"@id":"http:\/\/qualiteschweiz.ch\/fr\/#organization"},"potentialAction":[{"@type":"SearchAction","target":{"@type":"EntryPoint","urlTemplate":"http:\/\/qualiteschweiz.ch\/fr\/?s={search_term_string}"},"query-input":"required name=search_term_string"}],"inLanguage":"fr-FR"},{"@type":"Organization","@id":"http:\/\/qualiteschweiz.ch\/fr\/#organization","name":"Qualit\u00e9 Schweitz","url":"http:\/\/qualiteschweiz.ch\/fr\/","logo":{"@type":"ImageObject","inLanguage":"fr-FR","@id":"http:\/\/qualiteschweiz.ch\/fr\/#\/schema\/logo\/image\/","url":"https:\/\/qualiteschweiz.ch\/wp-content\/uploads\/qualiteschweiz_logo_sq.jpg","contentUrl":"https:\/\/qualiteschweiz.ch\/wp-content\/uploads\/qualiteschweiz_logo_sq.jpg","width":800,"height":800,"caption":"Qualit\u00e9 Schweitz"},"image":{"@id":"http:\/\/qualiteschweiz.ch\/fr\/#\/schema\/logo\/image\/"},"sameAs":["https:\/\/www.youtube.com\/@qualite_ch","https:\/\/www.instagram.com\/qualite_ch\/"]}]}},"_links":{"self":[{"href":"https:\/\/qualiteschweiz.ch\/fr\/wp-json\/wp\/v2\/pages\/74","targetHints":{"allow":["GET"]}}],"collection":[{"href":"https:\/\/qualiteschweiz.ch\/fr\/wp-json\/wp\/v2\/pages"}],"about":[{"href":"https:\/\/qualiteschweiz.ch\/fr\/wp-json\/wp\/v2\/types\/page"}],"author":[{"embeddable":true,"href":"https:\/\/qualiteschweiz.ch\/fr\/wp-json\/wp\/v2\/users\/1"}],"replies":[{"embeddable":true,"href":"https:\/\/qualiteschweiz.ch\/fr\/wp-json\/wp\/v2\/comments?post=74"}],"version-history":[{"count":22,"href":"https:\/\/qualiteschweiz.ch\/fr\/wp-json\/wp\/v2\/pages\/74\/revisions"}],"predecessor-version":[{"id":1080,"href":"https:\/\/qualiteschweiz.ch\/fr\/wp-json\/wp\/v2\/pages\/74\/revisions\/1080"}],"wp:attachment":[{"href":"https:\/\/qualiteschweiz.ch\/fr\/wp-json\/wp\/v2\/media?parent=74"}],"curies":[{"name":"wp","href":"https:\/\/api.w.org\/{rel}","templated":true}]}}