{"id":7,"date":"2023-06-01T09:55:48","date_gmt":"2023-06-01T07:55:48","guid":{"rendered":"https:\/\/qualiteschweiz.ck-design.ch\/?page_id=7"},"modified":"2023-08-31T09:47:33","modified_gmt":"2023-08-31T07:47:33","slug":"accueil","status":"publish","type":"page","link":"https:\/\/qualiteschweiz.ch\/fr\/","title":{"rendered":"Accueil"},"content":{"rendered":"\t\t<div data-elementor-type=\"wp-page\" data-elementor-id=\"7\" class=\"elementor elementor-7\" data-elementor-post-type=\"page\">\n\t\t\t\t<div class=\"elementor-element elementor-element-972c160 padding-header e-con-full e-flex e-con e-parent\" data-id=\"972c160\" data-element_type=\"container\" data-settings=\"{&quot;background_background&quot;:&quot;classic&quot;}\">\n\t\t\t\t<div class=\"elementor-element elementor-element-c008357 elementor-widget elementor-widget-heading\" data-id=\"c008357\" data-element_type=\"widget\" data-widget_type=\"heading.default\">\n\t\t\t\t<div class=\"elementor-widget-container\">\n\t\t\t<style>\/*! elementor - v3.23.0 - 05-08-2024 *\/\n.elementor-heading-title{padding:0;margin:0;line-height:1}.elementor-widget-heading .elementor-heading-title[class*=elementor-size-]>a{color:inherit;font-size:inherit;line-height:inherit}.elementor-widget-heading .elementor-heading-title.elementor-size-small{font-size:15px}.elementor-widget-heading .elementor-heading-title.elementor-size-medium{font-size:19px}.elementor-widget-heading .elementor-heading-title.elementor-size-large{font-size:29px}.elementor-widget-heading .elementor-heading-title.elementor-size-xl{font-size:39px}.elementor-widget-heading .elementor-heading-title.elementor-size-xxl{font-size:59px}<\/style><h1 class=\"elementor-heading-title elementor-size-default\">Bienvenu sur le site de Qualit\u00e9 Schweiz !<\/h1>\t\t<\/div>\n\t\t\t\t<\/div>\n\t\t\t\t<div class=\"elementor-element elementor-element-0cc852b elementor-headline--style-rotate centerline elementor-widget elementor-widget-animated-headline\" data-id=\"0cc852b\" data-element_type=\"widget\" data-settings=\"{&quot;headline_style&quot;:&quot;rotate&quot;,&quot;rotating_text&quot;:&quot;une sc\\u00e8ne rap suisse riche en culture\\ndes artistes du monde entier\\nune sc\\u00e8ne rap multiculturelle&quot;,&quot;rotate_iteration_delay&quot;:1000,&quot;animation_type&quot;:&quot;typing&quot;,&quot;loop&quot;:&quot;yes&quot;}\" data-widget_type=\"animated-headline.default\">\n\t\t\t\t<div class=\"elementor-widget-container\">\n\t\t\t<link rel=\"stylesheet\" href=\"https:\/\/qualiteschweiz.ch\/wp-content\/plugins\/elementor-pro\/assets\/css\/widget-animated-headline.min.css\">\t\t<h2 class=\"elementor-headline elementor-headline-animation-type-typing elementor-headline-letters\">\n\t\t\t\t\t<span class=\"elementor-headline-plain-text elementor-headline-text-wrapper\">Nous repr\u00e9sentons<\/span>\n\t\t\t\t<span class=\"elementor-headline-dynamic-wrapper elementor-headline-text-wrapper\">\n\t\t\t\t\t<span class=\"elementor-headline-dynamic-text elementor-headline-text-active\">\n\t\t\t\tune&nbsp;sc\u00e8ne&nbsp;rap&nbsp;suisse&nbsp;riche&nbsp;en&nbsp;culture\t\t\t<\/span>\n\t\t\t\t\t<span class=\"elementor-headline-dynamic-text\">\n\t\t\t\tdes&nbsp;artistes&nbsp;du&nbsp;monde&nbsp;entier\t\t\t<\/span>\n\t\t\t\t\t<span class=\"elementor-headline-dynamic-text\">\n\t\t\t\tune&nbsp;sc\u00e8ne&nbsp;rap&nbsp;multiculturelle\t\t\t<\/span>\n\t\t\t\t\t\t<\/span>\n\t\t\t\t<\/h2>\n\t\t\t\t<\/div>\n\t\t\t\t<\/div>\n\t\t\t\t<\/div>\n\t\t<div class=\"elementor-element elementor-element-6fb2450 r-padding e-flex e-con-boxed e-con e-parent\" data-id=\"6fb2450\" data-element_type=\"container\" data-settings=\"{&quot;background_background&quot;:&quot;classic&quot;}\">\n\t\t\t\t\t<div class=\"e-con-inner\">\n\t\t\t\t<div class=\"elementor-element elementor-element-cea67e6 elementor-widget elementor-widget-text-editor\" data-id=\"cea67e6\" data-element_type=\"widget\" data-widget_type=\"text-editor.default\">\n\t\t\t\t<div class=\"elementor-widget-container\">\n\t\t\t<style>\/*! elementor - v3.23.0 - 05-08-2024 *\/\n.elementor-widget-text-editor.elementor-drop-cap-view-stacked .elementor-drop-cap{background-color:#69727d;color:#fff}.elementor-widget-text-editor.elementor-drop-cap-view-framed .elementor-drop-cap{color:#69727d;border:3px solid;background-color:transparent}.elementor-widget-text-editor:not(.elementor-drop-cap-view-default) .elementor-drop-cap{margin-top:8px}.elementor-widget-text-editor:not(.elementor-drop-cap-view-default) .elementor-drop-cap-letter{width:1em;height:1em}.elementor-widget-text-editor .elementor-drop-cap{float:left;text-align:center;line-height:1;font-size:50px}.elementor-widget-text-editor .elementor-drop-cap-letter{display:inline-block}<\/style>\t\t\t\t<p>Nous repr\u00e9sentons la sc\u00e8ne rap riche en culture de la Suisse et sommes synonymes de productions musicales globales.<\/p><p>Le caract\u00e8re multiculturel fait partie int\u00e9grante de ce pays. Des gens de partout vivent ici et se consid\u00e8rent comme suisses, tout en conservant leur culture.<\/p><p>Les musiciens d&rsquo;ici incarnent leurs origines dans leur musique et permettent ainsi de couvrir presque tous les march\u00e9s musicaux du monde entier directement \u00e0 partir de la Suisse.<\/p><p><strong>Cette capacit\u00e9, cette diversit\u00e9, c&rsquo;est Qualit\u00e9 Schweiz !<\/strong><\/p>\t\t\t\t\t\t<\/div>\n\t\t\t\t<\/div>\n\t\t\t\t\t<\/div>\n\t\t\t\t<\/div>\n\t\t\t\t<\/div>\n\t\t","protected":false},"excerpt":{"rendered":"<p>Bienvenu sur le site de Qualit\u00e9 Schweiz ! Nous repr\u00e9sentons une&nbsp;sc\u00e8ne&nbsp;rap&nbsp;suisse&nbsp;riche&nbsp;en&nbsp;culture des&nbsp;artistes&nbsp;du&nbsp;monde&nbsp;entier une&nbsp;sc\u00e8ne&nbsp;rap&nbsp;multiculturelle Nous repr\u00e9sentons la sc\u00e8ne rap riche en culture de la Suisse et sommes synonymes de productions musicales globales. Le caract\u00e8re multiculturel fait partie int\u00e9grante de ce pays. Des gens de partout vivent ici et se consid\u00e8rent comme suisses, tout en conservant leur [&hellip;]<\/p>\n","protected":false},"author":1,"featured_media":0,"parent":0,"menu_order":0,"comment_status":"closed","ping_status":"closed","template":"elementor_header_footer","meta":{"_monsterinsights_skip_tracking":false,"_monsterinsights_sitenote_active":false,"_monsterinsights_sitenote_note":"","_monsterinsights_sitenote_category":0,"footnotes":""},"class_list":["post-7","page","type-page","status-publish","hentry"],"yoast_head":"<!-- This site is optimized with the Yoast SEO plugin v23.3 - https:\/\/yoast.com\/wordpress\/plugins\/seo\/ -->\n<title>Accueil | Qualit\u00e9 Schweiz<\/title>\n<meta name=\"robots\" content=\"index, follow, max-snippet:-1, max-image-preview:large, max-video-preview:-1\" \/>\n<link rel=\"canonical\" href=\"https:\/\/qualiteschweiz.ch\/fr\/\" \/>\n<meta property=\"og:locale\" content=\"fr_FR\" \/>\n<meta property=\"og:type\" content=\"article\" \/>\n<meta property=\"og:title\" content=\"Accueil | Qualit\u00e9 Schweiz\" \/>\n<meta property=\"og:description\" content=\"Bienvenu sur le site de Qualit\u00e9 Schweiz ! Nous repr\u00e9sentons une&nbsp;sc\u00e8ne&nbsp;rap&nbsp;suisse&nbsp;riche&nbsp;en&nbsp;culture des&nbsp;artistes&nbsp;du&nbsp;monde&nbsp;entier une&nbsp;sc\u00e8ne&nbsp;rap&nbsp;multiculturelle Nous repr\u00e9sentons la sc\u00e8ne rap riche en culture de la Suisse et sommes synonymes de productions musicales globales. Le caract\u00e8re multiculturel fait partie int\u00e9grante de ce pays. Des gens de partout vivent ici et se consid\u00e8rent comme suisses, tout en conservant leur [&hellip;]\" \/>\n<meta property=\"og:url\" content=\"https:\/\/qualiteschweiz.ch\/fr\/\" \/>\n<meta property=\"og:site_name\" content=\"Qualit\u00e9 Schweiz\" \/>\n<meta property=\"article:modified_time\" content=\"2023-08-31T07:47:33+00:00\" \/>\n<meta property=\"og:image\" content=\"https:\/\/qualiteschweiz.ch\/wp-content\/uploads\/qualiteschweiz_logo_sq.jpg\" \/>\n\t<meta property=\"og:image:width\" content=\"800\" \/>\n\t<meta property=\"og:image:height\" content=\"800\" \/>\n\t<meta property=\"og:image:type\" content=\"image\/jpeg\" \/>\n<meta name=\"twitter:card\" content=\"summary_large_image\" \/>\n<meta name=\"twitter:label1\" content=\"Dur\u00e9e de lecture estim\u00e9e\" \/>\n\t<meta name=\"twitter:data1\" content=\"1 minute\" \/>\n<script type=\"application\/ld+json\" class=\"yoast-schema-graph\">{\"@context\":\"https:\/\/schema.org\",\"@graph\":[{\"@type\":\"WebPage\",\"@id\":\"https:\/\/qualiteschweiz.ch\/fr\/\",\"url\":\"https:\/\/qualiteschweiz.ch\/fr\/\",\"name\":\"Accueil | Qualit\u00e9 Schweiz\",\"isPartOf\":{\"@id\":\"http:\/\/qualiteschweiz.ch\/fr\/#website\"},\"datePublished\":\"2023-06-01T07:55:48+00:00\",\"dateModified\":\"2023-08-31T07:47:33+00:00\",\"breadcrumb\":{\"@id\":\"https:\/\/qualiteschweiz.ch\/fr\/#breadcrumb\"},\"inLanguage\":\"fr-FR\",\"potentialAction\":[{\"@type\":\"ReadAction\",\"target\":[\"https:\/\/qualiteschweiz.ch\/fr\/\"]}]},{\"@type\":\"BreadcrumbList\",\"@id\":\"https:\/\/qualiteschweiz.ch\/fr\/#breadcrumb\",\"itemListElement\":[{\"@type\":\"ListItem\",\"position\":1,\"name\":\"Accueil\",\"item\":\"https:\/\/qualiteschweiz.ch\/fr\/\"},{\"@type\":\"ListItem\",\"position\":2,\"name\":\"Accueil\"}]},{\"@type\":\"WebSite\",\"@id\":\"http:\/\/qualiteschweiz.ch\/fr\/#website\",\"url\":\"http:\/\/qualiteschweiz.ch\/fr\/\",\"name\":\"Qualit\u00e9 Schweiz\",\"description\":\"\",\"publisher\":{\"@id\":\"http:\/\/qualiteschweiz.ch\/fr\/#organization\"},\"potentialAction\":[{\"@type\":\"SearchAction\",\"target\":{\"@type\":\"EntryPoint\",\"urlTemplate\":\"http:\/\/qualiteschweiz.ch\/fr\/?s={search_term_string}\"},\"query-input\":\"required name=search_term_string\"}],\"inLanguage\":\"fr-FR\"},{\"@type\":\"Organization\",\"@id\":\"http:\/\/qualiteschweiz.ch\/fr\/#organization\",\"name\":\"Qualit\u00e9 Schweitz\",\"url\":\"http:\/\/qualiteschweiz.ch\/fr\/\",\"logo\":{\"@type\":\"ImageObject\",\"inLanguage\":\"fr-FR\",\"@id\":\"http:\/\/qualiteschweiz.ch\/fr\/#\/schema\/logo\/image\/\",\"url\":\"https:\/\/qualiteschweiz.ch\/wp-content\/uploads\/qualiteschweiz_logo_sq.jpg\",\"contentUrl\":\"https:\/\/qualiteschweiz.ch\/wp-content\/uploads\/qualiteschweiz_logo_sq.jpg\",\"width\":800,\"height\":800,\"caption\":\"Qualit\u00e9 Schweitz\"},\"image\":{\"@id\":\"http:\/\/qualiteschweiz.ch\/fr\/#\/schema\/logo\/image\/\"},\"sameAs\":[\"https:\/\/www.youtube.com\/@qualite_ch\",\"https:\/\/www.instagram.com\/qualite_ch\/\"]}]}<\/script>\n<!-- \/ Yoast SEO plugin. -->","yoast_head_json":{"title":"Accueil | Qualit\u00e9 Schweiz","robots":{"index":"index","follow":"follow","max-snippet":"max-snippet:-1","max-image-preview":"max-image-preview:large","max-video-preview":"max-video-preview:-1"},"canonical":"https:\/\/qualiteschweiz.ch\/fr\/","og_locale":"fr_FR","og_type":"article","og_title":"Accueil | Qualit\u00e9 Schweiz","og_description":"Bienvenu sur le site de Qualit\u00e9 Schweiz ! Nous repr\u00e9sentons une&nbsp;sc\u00e8ne&nbsp;rap&nbsp;suisse&nbsp;riche&nbsp;en&nbsp;culture des&nbsp;artistes&nbsp;du&nbsp;monde&nbsp;entier une&nbsp;sc\u00e8ne&nbsp;rap&nbsp;multiculturelle Nous repr\u00e9sentons la sc\u00e8ne rap riche en culture de la Suisse et sommes synonymes de productions musicales globales. Le caract\u00e8re multiculturel fait partie int\u00e9grante de ce pays. Des gens de partout vivent ici et se consid\u00e8rent comme suisses, tout en conservant leur [&hellip;]","og_url":"https:\/\/qualiteschweiz.ch\/fr\/","og_site_name":"Qualit\u00e9 Schweiz","article_modified_time":"2023-08-31T07:47:33+00:00","og_image":[{"width":800,"height":800,"url":"https:\/\/qualiteschweiz.ch\/wp-content\/uploads\/qualiteschweiz_logo_sq.jpg","type":"image\/jpeg"}],"twitter_card":"summary_large_image","twitter_misc":{"Dur\u00e9e de lecture estim\u00e9e":"1 minute"},"schema":{"@context":"https:\/\/schema.org","@graph":[{"@type":"WebPage","@id":"https:\/\/qualiteschweiz.ch\/fr\/","url":"https:\/\/qualiteschweiz.ch\/fr\/","name":"Accueil | Qualit\u00e9 Schweiz","isPartOf":{"@id":"http:\/\/qualiteschweiz.ch\/fr\/#website"},"datePublished":"2023-06-01T07:55:48+00:00","dateModified":"2023-08-31T07:47:33+00:00","breadcrumb":{"@id":"https:\/\/qualiteschweiz.ch\/fr\/#breadcrumb"},"inLanguage":"fr-FR","potentialAction":[{"@type":"ReadAction","target":["https:\/\/qualiteschweiz.ch\/fr\/"]}]},{"@type":"BreadcrumbList","@id":"https:\/\/qualiteschweiz.ch\/fr\/#breadcrumb","itemListElement":[{"@type":"ListItem","position":1,"name":"Accueil","item":"https:\/\/qualiteschweiz.ch\/fr\/"},{"@type":"ListItem","position":2,"name":"Accueil"}]},{"@type":"WebSite","@id":"http:\/\/qualiteschweiz.ch\/fr\/#website","url":"http:\/\/qualiteschweiz.ch\/fr\/","name":"Qualit\u00e9 Schweiz","description":"","publisher":{"@id":"http:\/\/qualiteschweiz.ch\/fr\/#organization"},"potentialAction":[{"@type":"SearchAction","target":{"@type":"EntryPoint","urlTemplate":"http:\/\/qualiteschweiz.ch\/fr\/?s={search_term_string}"},"query-input":"required name=search_term_string"}],"inLanguage":"fr-FR"},{"@type":"Organization","@id":"http:\/\/qualiteschweiz.ch\/fr\/#organization","name":"Qualit\u00e9 Schweitz","url":"http:\/\/qualiteschweiz.ch\/fr\/","logo":{"@type":"ImageObject","inLanguage":"fr-FR","@id":"http:\/\/qualiteschweiz.ch\/fr\/#\/schema\/logo\/image\/","url":"https:\/\/qualiteschweiz.ch\/wp-content\/uploads\/qualiteschweiz_logo_sq.jpg","contentUrl":"https:\/\/qualiteschweiz.ch\/wp-content\/uploads\/qualiteschweiz_logo_sq.jpg","width":800,"height":800,"caption":"Qualit\u00e9 Schweitz"},"image":{"@id":"http:\/\/qualiteschweiz.ch\/fr\/#\/schema\/logo\/image\/"},"sameAs":["https:\/\/www.youtube.com\/@qualite_ch","https:\/\/www.instagram.com\/qualite_ch\/"]}]}},"_links":{"self":[{"href":"https:\/\/qualiteschweiz.ch\/fr\/wp-json\/wp\/v2\/pages\/7","targetHints":{"allow":["GET"]}}],"collection":[{"href":"https:\/\/qualiteschweiz.ch\/fr\/wp-json\/wp\/v2\/pages"}],"about":[{"href":"https:\/\/qualiteschweiz.ch\/fr\/wp-json\/wp\/v2\/types\/page"}],"author":[{"embeddable":true,"href":"https:\/\/qualiteschweiz.ch\/fr\/wp-json\/wp\/v2\/users\/1"}],"replies":[{"embeddable":true,"href":"https:\/\/qualiteschweiz.ch\/fr\/wp-json\/wp\/v2\/comments?post=7"}],"version-history":[{"count":76,"href":"https:\/\/qualiteschweiz.ch\/fr\/wp-json\/wp\/v2\/pages\/7\/revisions"}],"predecessor-version":[{"id":1814,"href":"https:\/\/qualiteschweiz.ch\/fr\/wp-json\/wp\/v2\/pages\/7\/revisions\/1814"}],"wp:attachment":[{"href":"https:\/\/qualiteschweiz.ch\/fr\/wp-json\/wp\/v2\/media?parent=7"}],"curies":[{"name":"wp","href":"https:\/\/api.w.org\/{rel}","templated":true}]}}