{"id":145,"date":"2023-06-05T15:18:40","date_gmt":"2023-06-05T13:18:40","guid":{"rendered":"https:\/\/qualiteschweiz.ck-design.ch\/?page_id=145"},"modified":"2023-08-10T09:51:53","modified_gmt":"2023-08-10T07:51:53","slug":"conditions-generales-de-vente","status":"publish","type":"page","link":"https:\/\/qualiteschweiz.ch\/fr\/conditions-generales-de-vente\/","title":{"rendered":"Conditions g\u00e9n\u00e9rales de vente"},"content":{"rendered":"\t\t<div data-elementor-type=\"wp-page\" data-elementor-id=\"145\" class=\"elementor elementor-145\" data-elementor-post-type=\"page\">\n\t\t\t\t<div class=\"elementor-element elementor-element-32c008f padding-header e-con-full e-flex e-con e-parent\" data-id=\"32c008f\" data-element_type=\"container\" data-settings=\"{&quot;background_background&quot;:&quot;classic&quot;}\">\n\t\t\t\t<div class=\"elementor-element elementor-element-cdca407 elementor-widget elementor-widget-heading\" data-id=\"cdca407\" data-element_type=\"widget\" data-widget_type=\"heading.default\">\n\t\t\t\t<div class=\"elementor-widget-container\">\n\t\t\t<style>\/*! elementor - v3.23.0 - 05-08-2024 *\/\n.elementor-heading-title{padding:0;margin:0;line-height:1}.elementor-widget-heading .elementor-heading-title[class*=elementor-size-]>a{color:inherit;font-size:inherit;line-height:inherit}.elementor-widget-heading .elementor-heading-title.elementor-size-small{font-size:15px}.elementor-widget-heading .elementor-heading-title.elementor-size-medium{font-size:19px}.elementor-widget-heading .elementor-heading-title.elementor-size-large{font-size:29px}.elementor-widget-heading .elementor-heading-title.elementor-size-xl{font-size:39px}.elementor-widget-heading .elementor-heading-title.elementor-size-xxl{font-size:59px}<\/style><h1 class=\"elementor-heading-title elementor-size-default\">Conditions g\u00e9n\u00e9rales de vente<\/h1>\t\t<\/div>\n\t\t\t\t<\/div>\n\t\t\t\t<div class=\"elementor-element elementor-element-e3ce7f2 elementor-widget elementor-widget-html\" data-id=\"e3ce7f2\" data-element_type=\"widget\" data-widget_type=\"html.default\">\n\t\t\t\t<div class=\"elementor-widget-container\">\n\t\t\t<div class=\"progress\"><\/div>\t\t<\/div>\n\t\t\t\t<\/div>\n\t\t\t\t<\/div>\n\t\t<div class=\"elementor-element elementor-element-6e1023e r-padding e-flex e-con-boxed e-con e-parent\" data-id=\"6e1023e\" data-element_type=\"container\">\n\t\t\t\t\t<div class=\"e-con-inner\">\n\t\t\t\t\t<\/div>\n\t\t\t\t<\/div>\n\t\t\t\t<\/div>\n\t\t","protected":false},"excerpt":{"rendered":"<p>Conditions g\u00e9n\u00e9rales de vente<\/p>\n","protected":false},"author":1,"featured_media":0,"parent":0,"menu_order":22,"comment_status":"closed","ping_status":"closed","template":"elementor_header_footer","meta":{"_monsterinsights_skip_tracking":false,"_monsterinsights_sitenote_active":false,"_monsterinsights_sitenote_note":"","_monsterinsights_sitenote_category":0,"footnotes":""},"class_list":["post-145","page","type-page","status-publish","hentry"],"yoast_head":"<!-- This site is optimized with the Yoast SEO plugin v23.3 - https:\/\/yoast.com\/wordpress\/plugins\/seo\/ -->\n<title>Conditions g\u00e9n\u00e9rales de vente | Qualit\u00e9 Schweiz<\/title>\n<meta name=\"robots\" content=\"index, follow, max-snippet:-1, max-image-preview:large, max-video-preview:-1\" \/>\n<link rel=\"canonical\" href=\"https:\/\/qualiteschweiz.ch\/fr\/conditions-generales-de-vente\/\" \/>\n<meta property=\"og:locale\" content=\"fr_FR\" \/>\n<meta property=\"og:type\" content=\"article\" \/>\n<meta property=\"og:title\" content=\"Conditions g\u00e9n\u00e9rales de vente | Qualit\u00e9 Schweiz\" \/>\n<meta property=\"og:description\" content=\"Conditions g\u00e9n\u00e9rales de vente\" \/>\n<meta property=\"og:url\" content=\"https:\/\/qualiteschweiz.ch\/fr\/conditions-generales-de-vente\/\" \/>\n<meta property=\"og:site_name\" content=\"Qualit\u00e9 Schweiz\" \/>\n<meta property=\"article:modified_time\" content=\"2023-08-10T07:51:53+00:00\" \/>\n<meta property=\"og:image\" content=\"https:\/\/qualiteschweiz.ch\/wp-content\/uploads\/qualiteschweiz_logo_sq.jpg\" \/>\n\t<meta property=\"og:image:width\" content=\"800\" \/>\n\t<meta property=\"og:image:height\" content=\"800\" \/>\n\t<meta property=\"og:image:type\" content=\"image\/jpeg\" \/>\n<meta name=\"twitter:card\" content=\"summary_large_image\" \/>\n<script type=\"application\/ld+json\" class=\"yoast-schema-graph\">{\"@context\":\"https:\/\/schema.org\",\"@graph\":[{\"@type\":\"WebPage\",\"@id\":\"https:\/\/qualiteschweiz.ch\/fr\/conditions-generales-de-vente\/\",\"url\":\"https:\/\/qualiteschweiz.ch\/fr\/conditions-generales-de-vente\/\",\"name\":\"Conditions g\u00e9n\u00e9rales de vente | Qualit\u00e9 Schweiz\",\"isPartOf\":{\"@id\":\"http:\/\/qualiteschweiz.ch\/fr\/#website\"},\"datePublished\":\"2023-06-05T13:18:40+00:00\",\"dateModified\":\"2023-08-10T07:51:53+00:00\",\"breadcrumb\":{\"@id\":\"https:\/\/qualiteschweiz.ch\/fr\/conditions-generales-de-vente\/#breadcrumb\"},\"inLanguage\":\"fr-FR\",\"potentialAction\":[{\"@type\":\"ReadAction\",\"target\":[\"https:\/\/qualiteschweiz.ch\/fr\/conditions-generales-de-vente\/\"]}]},{\"@type\":\"BreadcrumbList\",\"@id\":\"https:\/\/qualiteschweiz.ch\/fr\/conditions-generales-de-vente\/#breadcrumb\",\"itemListElement\":[{\"@type\":\"ListItem\",\"position\":1,\"name\":\"Accueil\",\"item\":\"https:\/\/qualiteschweiz.ch\/fr\/\"},{\"@type\":\"ListItem\",\"position\":2,\"name\":\"Conditions g\u00e9n\u00e9rales de vente\"}]},{\"@type\":\"WebSite\",\"@id\":\"http:\/\/qualiteschweiz.ch\/fr\/#website\",\"url\":\"http:\/\/qualiteschweiz.ch\/fr\/\",\"name\":\"Qualit\u00e9 Schweiz\",\"description\":\"\",\"publisher\":{\"@id\":\"http:\/\/qualiteschweiz.ch\/fr\/#organization\"},\"potentialAction\":[{\"@type\":\"SearchAction\",\"target\":{\"@type\":\"EntryPoint\",\"urlTemplate\":\"http:\/\/qualiteschweiz.ch\/fr\/?s={search_term_string}\"},\"query-input\":\"required name=search_term_string\"}],\"inLanguage\":\"fr-FR\"},{\"@type\":\"Organization\",\"@id\":\"http:\/\/qualiteschweiz.ch\/fr\/#organization\",\"name\":\"Qualit\u00e9 Schweitz\",\"url\":\"http:\/\/qualiteschweiz.ch\/fr\/\",\"logo\":{\"@type\":\"ImageObject\",\"inLanguage\":\"fr-FR\",\"@id\":\"http:\/\/qualiteschweiz.ch\/fr\/#\/schema\/logo\/image\/\",\"url\":\"https:\/\/qualiteschweiz.ch\/wp-content\/uploads\/qualiteschweiz_logo_sq.jpg\",\"contentUrl\":\"https:\/\/qualiteschweiz.ch\/wp-content\/uploads\/qualiteschweiz_logo_sq.jpg\",\"width\":800,\"height\":800,\"caption\":\"Qualit\u00e9 Schweitz\"},\"image\":{\"@id\":\"http:\/\/qualiteschweiz.ch\/fr\/#\/schema\/logo\/image\/\"},\"sameAs\":[\"https:\/\/www.youtube.com\/@qualite_ch\",\"https:\/\/www.instagram.com\/qualite_ch\/\"]}]}<\/script>\n<!-- \/ Yoast SEO plugin. -->","yoast_head_json":{"title":"Conditions g\u00e9n\u00e9rales de vente | Qualit\u00e9 Schweiz","robots":{"index":"index","follow":"follow","max-snippet":"max-snippet:-1","max-image-preview":"max-image-preview:large","max-video-preview":"max-video-preview:-1"},"canonical":"https:\/\/qualiteschweiz.ch\/fr\/conditions-generales-de-vente\/","og_locale":"fr_FR","og_type":"article","og_title":"Conditions g\u00e9n\u00e9rales de vente | Qualit\u00e9 Schweiz","og_description":"Conditions g\u00e9n\u00e9rales de vente","og_url":"https:\/\/qualiteschweiz.ch\/fr\/conditions-generales-de-vente\/","og_site_name":"Qualit\u00e9 Schweiz","article_modified_time":"2023-08-10T07:51:53+00:00","og_image":[{"width":800,"height":800,"url":"https:\/\/qualiteschweiz.ch\/wp-content\/uploads\/qualiteschweiz_logo_sq.jpg","type":"image\/jpeg"}],"twitter_card":"summary_large_image","schema":{"@context":"https:\/\/schema.org","@graph":[{"@type":"WebPage","@id":"https:\/\/qualiteschweiz.ch\/fr\/conditions-generales-de-vente\/","url":"https:\/\/qualiteschweiz.ch\/fr\/conditions-generales-de-vente\/","name":"Conditions g\u00e9n\u00e9rales de vente | Qualit\u00e9 Schweiz","isPartOf":{"@id":"http:\/\/qualiteschweiz.ch\/fr\/#website"},"datePublished":"2023-06-05T13:18:40+00:00","dateModified":"2023-08-10T07:51:53+00:00","breadcrumb":{"@id":"https:\/\/qualiteschweiz.ch\/fr\/conditions-generales-de-vente\/#breadcrumb"},"inLanguage":"fr-FR","potentialAction":[{"@type":"ReadAction","target":["https:\/\/qualiteschweiz.ch\/fr\/conditions-generales-de-vente\/"]}]},{"@type":"BreadcrumbList","@id":"https:\/\/qualiteschweiz.ch\/fr\/conditions-generales-de-vente\/#breadcrumb","itemListElement":[{"@type":"ListItem","position":1,"name":"Accueil","item":"https:\/\/qualiteschweiz.ch\/fr\/"},{"@type":"ListItem","position":2,"name":"Conditions g\u00e9n\u00e9rales de vente"}]},{"@type":"WebSite","@id":"http:\/\/qualiteschweiz.ch\/fr\/#website","url":"http:\/\/qualiteschweiz.ch\/fr\/","name":"Qualit\u00e9 Schweiz","description":"","publisher":{"@id":"http:\/\/qualiteschweiz.ch\/fr\/#organization"},"potentialAction":[{"@type":"SearchAction","target":{"@type":"EntryPoint","urlTemplate":"http:\/\/qualiteschweiz.ch\/fr\/?s={search_term_string}"},"query-input":"required name=search_term_string"}],"inLanguage":"fr-FR"},{"@type":"Organization","@id":"http:\/\/qualiteschweiz.ch\/fr\/#organization","name":"Qualit\u00e9 Schweitz","url":"http:\/\/qualiteschweiz.ch\/fr\/","logo":{"@type":"ImageObject","inLanguage":"fr-FR","@id":"http:\/\/qualiteschweiz.ch\/fr\/#\/schema\/logo\/image\/","url":"https:\/\/qualiteschweiz.ch\/wp-content\/uploads\/qualiteschweiz_logo_sq.jpg","contentUrl":"https:\/\/qualiteschweiz.ch\/wp-content\/uploads\/qualiteschweiz_logo_sq.jpg","width":800,"height":800,"caption":"Qualit\u00e9 Schweitz"},"image":{"@id":"http:\/\/qualiteschweiz.ch\/fr\/#\/schema\/logo\/image\/"},"sameAs":["https:\/\/www.youtube.com\/@qualite_ch","https:\/\/www.instagram.com\/qualite_ch\/"]}]}},"_links":{"self":[{"href":"https:\/\/qualiteschweiz.ch\/fr\/wp-json\/wp\/v2\/pages\/145","targetHints":{"allow":["GET"]}}],"collection":[{"href":"https:\/\/qualiteschweiz.ch\/fr\/wp-json\/wp\/v2\/pages"}],"about":[{"href":"https:\/\/qualiteschweiz.ch\/fr\/wp-json\/wp\/v2\/types\/page"}],"author":[{"embeddable":true,"href":"https:\/\/qualiteschweiz.ch\/fr\/wp-json\/wp\/v2\/users\/1"}],"replies":[{"embeddable":true,"href":"https:\/\/qualiteschweiz.ch\/fr\/wp-json\/wp\/v2\/comments?post=145"}],"version-history":[{"count":13,"href":"https:\/\/qualiteschweiz.ch\/fr\/wp-json\/wp\/v2\/pages\/145\/revisions"}],"predecessor-version":[{"id":1113,"href":"https:\/\/qualiteschweiz.ch\/fr\/wp-json\/wp\/v2\/pages\/145\/revisions\/1113"}],"wp:attachment":[{"href":"https:\/\/qualiteschweiz.ch\/fr\/wp-json\/wp\/v2\/media?parent=145"}],"curies":[{"name":"wp","href":"https:\/\/api.w.org\/{rel}","templated":true}]}}